{"id":13,"date":"2016-10-14T16:45:07","date_gmt":"2016-10-14T14:45:07","guid":{"rendered":"http:\/\/reaumur-saintemarie.fr\/?page_id=13"},"modified":"2022-11-05T09:09:31","modified_gmt":"2022-11-05T08:09:31","slug":"contacts","status":"publish","type":"page","link":"https:\/\/reaumur-saintemarie.fr\/index.php\/contacts\/","title":{"rendered":"Contacts"},"content":{"rendered":"<p><strong>Adresse<\/strong> :<\/p>\n<ul>\n<li>Ecole Ste Marie<br \/>\n3 rue Ernest Thomas<br \/>\n85700 R\u00e9aumur<\/li>\n<\/ul>\n<p><strong>T\u00e9l\u00e9phone<\/strong> :<\/p>\n<ul>\n<li>09 63 46 83 53<\/li>\n<\/ul>\n<p><strong>Courriel<\/strong> :<\/p>\n<ul>\n<li>direction@reaumur-saintemarie.fr<\/li>\n<\/ul>\n<p><strong>Localisation<\/strong> :<\/p>\n<p><iframe loading=\"lazy\" style=\"border: 0;\" src=\"https:\/\/www.google.com\/maps\/embed?pb=!1m18!1m12!1m3!1d2735.2608687311595!2d-0.804049684385357!3d46.72031595677074!2m3!1f0!2f0!3f0!3m2!1i1024!2i768!4f13.1!3m3!1m2!1s0x4806f09dc5508fdb%3A0xc180ed4b70187dd1!2sOgec+De+R%C3%A9aumur!5e0!3m2!1sfr!2sfr!4v1476457321475\" width=\"800\" height=\"600\" frameborder=\"0\" allowfullscreen=\"allowfullscreen\"><\/iframe><\/p>\n","protected":false},"excerpt":{"rendered":"<p>Adresse : Ecole Ste Marie 3 rue Ernest Thomas 85700 R\u00e9aumur T\u00e9l\u00e9phone : 09 63 46 83 53 Courriel : direction@reaumur-saintemarie.fr Localisation :<\/p>\n<p class=\"continue-reading-button\"> <a class=\"continue-reading-link\" href=\"https:\/\/reaumur-saintemarie.fr\/index.php\/contacts\/\">Lire la suite&#8230;<i class=\"crycon-right-dir\"><\/i><\/a><\/p>\n","protected":false},"author":9,"featured_media":0,"parent":0,"menu_order":0,"comment_status":"closed","ping_status":"closed","template":"","meta":{"ngg_post_thumbnail":0,"footnotes":""},"class_list":["post-13","page","type-page","status-publish","hentry"],"_links":{"self":[{"href":"https:\/\/reaumur-saintemarie.fr\/index.php\/wp-json\/wp\/v2\/pages\/13","targetHints":{"allow":["GET"]}}],"collection":[{"href":"https:\/\/reaumur-saintemarie.fr\/index.php\/wp-json\/wp\/v2\/pages"}],"about":[{"href":"https:\/\/reaumur-saintemarie.fr\/index.php\/wp-json\/wp\/v2\/types\/page"}],"author":[{"embeddable":true,"href":"https:\/\/reaumur-saintemarie.fr\/index.php\/wp-json\/wp\/v2\/users\/9"}],"replies":[{"embeddable":true,"href":"https:\/\/reaumur-saintemarie.fr\/index.php\/wp-json\/wp\/v2\/comments?post=13"}],"version-history":[{"count":5,"href":"https:\/\/reaumur-saintemarie.fr\/index.php\/wp-json\/wp\/v2\/pages\/13\/revisions"}],"predecessor-version":[{"id":43,"href":"https:\/\/reaumur-saintemarie.fr\/index.php\/wp-json\/wp\/v2\/pages\/13\/revisions\/43"}],"wp:attachment":[{"href":"https:\/\/reaumur-saintemarie.fr\/index.php\/wp-json\/wp\/v2\/media?parent=13"}],"curies":[{"name":"wp","href":"https:\/\/api.w.org\/{rel}","templated":true}]}}