{"id":17,"date":"2016-10-14T16:46:01","date_gmt":"2016-10-14T14:46:01","guid":{"rendered":"http:\/\/reaumur-saintemarie.fr\/?page_id=17"},"modified":"2025-12-17T15:04:17","modified_gmt":"2025-12-17T14:04:17","slug":"inscriptions","status":"publish","type":"page","link":"https:\/\/reaumur-saintemarie.fr\/index.php\/inscriptions\/","title":{"rendered":"Inscription"},"content":{"rendered":"<h3 style=\"text-align: center;\" data-start=\"45\" data-end=\"246\">Pour tout renseignement concernant l\u2019inscription de votre enfant, vous pouvez nous contacter par t\u00e9l\u00e9phone au <strong data-start=\"155\" data-end=\"173\">09 63 46 83 53<\/strong> ou par mail \u00e0 l\u2019adresse suivante :<\/h3>\n<h3 style=\"text-align: center;\" data-start=\"45\" data-end=\"246\"><strong data-start=\"209\" data-end=\"245\"><a class=\"decorated-link cursor-pointer\" rel=\"noopener\" data-start=\"211\" data-end=\"243\">direction@reaumur-saintemarie.fr<\/a><\/strong><\/h3>\n<h3 style=\"text-align: center;\" data-start=\"248\" data-end=\"362\">Une soir\u00e9e d\u2019inscription est pr\u00e9vue pour les nouvelles familles :<\/h3>\n<h3 style=\"text-align: center;\" data-start=\"248\" data-end=\"362\"><strong><span style=\"color: #0c0c0a; font-family: Playball;\">Le <\/span>vendredi 23 janvier 2026<\/strong>, de <strong data-start=\"348\" data-end=\"361\">17h \u00e0 19h<\/strong>.<\/h3>\n<p style=\"text-align: center;\">Merci de pr\u00e9voir le livret de famille<\/p>\n<p><img loading=\"lazy\" decoding=\"async\" class=\" wp-image-4851 aligncenter\" src=\"https:\/\/reaumur-saintemarie.fr\/wp-content\/uploads\/2025\/12\/soiree-inscription.png\" alt=\"\" width=\"503\" height=\"490\" srcset=\"https:\/\/reaumur-saintemarie.fr\/wp-content\/uploads\/2025\/12\/soiree-inscription.png 611w, https:\/\/reaumur-saintemarie.fr\/wp-content\/uploads\/2025\/12\/soiree-inscription-300x292.png 300w, https:\/\/reaumur-saintemarie.fr\/wp-content\/uploads\/2025\/12\/soiree-inscription-150x146.png 150w\" sizes=\"auto, (max-width: 503px) 100vw, 503px\" \/><\/p>\n<iframe src=\"\/\/docs.google.com\/viewer?url=https%3A%2F%2Freaumur-saintemarie.fr%2Fwp-content%2Fuploads%2F2025%2F11%2FFiche-dinscription.pdf&hl=fr&embedded=true\" class=\"gde-frame\" style=\"width:100%; height:500px; border: none;\" scrolling=\"no\"><\/iframe>\n<p class=\"gde-text\"><a href=\"https:\/\/reaumur-saintemarie.fr\/wp-content\/uploads\/2025\/11\/Fiche-dinscription.pdf\" class=\"gde-link\">T\u00e9l\u00e9charger (PDF, 27KB)<\/a><\/p>\n","protected":false},"excerpt":{"rendered":"<p>Pour tout renseignement concernant l\u2019inscription de votre enfant, vous pouvez nous contacter par t\u00e9l\u00e9phone au 09 63 46 83 53 ou par mail \u00e0 l\u2019adresse suivante : direction@reaumur-saintemarie.fr Une soir\u00e9e d\u2019inscription est pr\u00e9vue pour les nouvelles familles : Le vendredi 23 janvier 2026, de 17h \u00e0 19h. Merci de pr\u00e9voir\u2026<\/p>\n<p class=\"continue-reading-button\"> <a class=\"continue-reading-link\" href=\"https:\/\/reaumur-saintemarie.fr\/index.php\/inscriptions\/\">Lire la suite&#8230;<i class=\"crycon-right-dir\"><\/i><\/a><\/p>\n","protected":false},"author":9,"featured_media":0,"parent":0,"menu_order":0,"comment_status":"closed","ping_status":"closed","template":"","meta":{"ngg_post_thumbnail":0,"footnotes":""},"class_list":["post-17","page","type-page","status-publish","hentry"],"_links":{"self":[{"href":"https:\/\/reaumur-saintemarie.fr\/index.php\/wp-json\/wp\/v2\/pages\/17","targetHints":{"allow":["GET"]}}],"collection":[{"href":"https:\/\/reaumur-saintemarie.fr\/index.php\/wp-json\/wp\/v2\/pages"}],"about":[{"href":"https:\/\/reaumur-saintemarie.fr\/index.php\/wp-json\/wp\/v2\/types\/page"}],"author":[{"embeddable":true,"href":"https:\/\/reaumur-saintemarie.fr\/index.php\/wp-json\/wp\/v2\/users\/9"}],"replies":[{"embeddable":true,"href":"https:\/\/reaumur-saintemarie.fr\/index.php\/wp-json\/wp\/v2\/comments?post=17"}],"version-history":[{"count":11,"href":"https:\/\/reaumur-saintemarie.fr\/index.php\/wp-json\/wp\/v2\/pages\/17\/revisions"}],"predecessor-version":[{"id":4857,"href":"https:\/\/reaumur-saintemarie.fr\/index.php\/wp-json\/wp\/v2\/pages\/17\/revisions\/4857"}],"wp:attachment":[{"href":"https:\/\/reaumur-saintemarie.fr\/index.php\/wp-json\/wp\/v2\/media?parent=17"}],"curies":[{"name":"wp","href":"https:\/\/api.w.org\/{rel}","templated":true}]}}