{"id":192,"date":"2016-12-30T17:11:29","date_gmt":"2016-12-30T16:11:29","guid":{"rendered":"http:\/\/reaumur-saintemarie.fr\/?page_id=192"},"modified":"2023-12-20T21:47:50","modified_gmt":"2023-12-20T20:47:50","slug":"pastorale","status":"publish","type":"page","link":"https:\/\/reaumur-saintemarie.fr\/index.php\/pastorale\/","title":{"rendered":"Pastorale"},"content":{"rendered":"<p><img loading=\"lazy\" decoding=\"async\" class=\"alignnone size-medium wp-image-3860\" src=\"https:\/\/reaumur-saintemarie.fr\/wp-content\/uploads\/2023\/12\/1703080636960-225x300.jpg\" alt=\"\" width=\"225\" height=\"300\" srcset=\"https:\/\/reaumur-saintemarie.fr\/wp-content\/uploads\/2023\/12\/1703080636960-225x300.jpg 225w, https:\/\/reaumur-saintemarie.fr\/wp-content\/uploads\/2023\/12\/1703080636960-113x150.jpg 113w, https:\/\/reaumur-saintemarie.fr\/wp-content\/uploads\/2023\/12\/1703080636960.jpg 576w\" sizes=\"auto, (max-width: 225px) 100vw, 225px\" \/> <img loading=\"lazy\" decoding=\"async\" class=\"alignnone size-medium wp-image-3861\" src=\"https:\/\/reaumur-saintemarie.fr\/wp-content\/uploads\/2023\/12\/1703080636943-300x225.jpg\" alt=\"\" width=\"300\" height=\"225\" srcset=\"https:\/\/reaumur-saintemarie.fr\/wp-content\/uploads\/2023\/12\/1703080636943-300x225.jpg 300w, https:\/\/reaumur-saintemarie.fr\/wp-content\/uploads\/2023\/12\/1703080636943-768x576.jpg 768w, https:\/\/reaumur-saintemarie.fr\/wp-content\/uploads\/2023\/12\/1703080636943-150x113.jpg 150w, https:\/\/reaumur-saintemarie.fr\/wp-content\/uploads\/2023\/12\/1703080636943.jpg 1024w\" sizes=\"auto, (max-width: 300px) 100vw, 300px\" \/>Notre c\u00e9l\u00e9bration de No\u00ebl \u00e0 l&#8217;\u00e9glise de R\u00e9aumur et aussi pour les 800 ans de la cr\u00e8che!<\/p>\n<p>&nbsp;<\/p>\n<p>&nbsp;<\/p>\n<iframe src=\"\/\/docs.google.com\/viewer?url=https%3A%2F%2Freaumur-saintemarie.fr%2Fwp-content%2Fuploads%2F2022%2F05%2FProjet-pastoral.pdf&hl=fr&embedded=true\" class=\"gde-frame\" style=\"width:100%; height:500px; border: none;\" scrolling=\"no\"><\/iframe>\n<p class=\"gde-text\"><a href=\"https:\/\/reaumur-saintemarie.fr\/wp-content\/uploads\/2022\/05\/Projet-pastoral.pdf\" class=\"gde-link\">T\u00e9l\u00e9charger (PDF, 99KB)<\/a><\/p>\n","protected":false},"excerpt":{"rendered":"<p>Notre c\u00e9l\u00e9bration de No\u00ebl \u00e0 l&#8217;\u00e9glise de R\u00e9aumur et aussi pour les 800 ans de la cr\u00e8che! &nbsp; &nbsp;<\/p>\n<p class=\"continue-reading-button\"> <a class=\"continue-reading-link\" href=\"https:\/\/reaumur-saintemarie.fr\/index.php\/pastorale\/\">Lire la suite&#8230;<i class=\"crycon-right-dir\"><\/i><\/a><\/p>\n","protected":false},"author":9,"featured_media":0,"parent":0,"menu_order":0,"comment_status":"closed","ping_status":"closed","template":"","meta":{"ngg_post_thumbnail":0,"footnotes":""},"class_list":["post-192","page","type-page","status-publish","hentry"],"_links":{"self":[{"href":"https:\/\/reaumur-saintemarie.fr\/index.php\/wp-json\/wp\/v2\/pages\/192","targetHints":{"allow":["GET"]}}],"collection":[{"href":"https:\/\/reaumur-saintemarie.fr\/index.php\/wp-json\/wp\/v2\/pages"}],"about":[{"href":"https:\/\/reaumur-saintemarie.fr\/index.php\/wp-json\/wp\/v2\/types\/page"}],"author":[{"embeddable":true,"href":"https:\/\/reaumur-saintemarie.fr\/index.php\/wp-json\/wp\/v2\/users\/9"}],"replies":[{"embeddable":true,"href":"https:\/\/reaumur-saintemarie.fr\/index.php\/wp-json\/wp\/v2\/comments?post=192"}],"version-history":[{"count":10,"href":"https:\/\/reaumur-saintemarie.fr\/index.php\/wp-json\/wp\/v2\/pages\/192\/revisions"}],"predecessor-version":[{"id":3862,"href":"https:\/\/reaumur-saintemarie.fr\/index.php\/wp-json\/wp\/v2\/pages\/192\/revisions\/3862"}],"wp:attachment":[{"href":"https:\/\/reaumur-saintemarie.fr\/index.php\/wp-json\/wp\/v2\/media?parent=192"}],"curies":[{"name":"wp","href":"https:\/\/api.w.org\/{rel}","templated":true}]}}