{"id":4834,"date":"2025-11-27T20:20:32","date_gmt":"2025-11-27T19:20:32","guid":{"rendered":"https:\/\/reaumur-saintemarie.fr\/?page_id=4834"},"modified":"2025-11-27T20:20:32","modified_gmt":"2025-11-27T19:20:32","slug":"horaires","status":"publish","type":"page","link":"https:\/\/reaumur-saintemarie.fr\/index.php\/horaires\/","title":{"rendered":"Horaires"},"content":{"rendered":"<p>L\u2019\u00e9cole accueille les enfants les lundis, mardis, jeudis et vendredis.<\/p>\n<p>Les horaires de l\u2019\u00e9cole sont les suivants :<\/p>\n<ul>\n<li>8h55-12h10 (accueil des \u00e9l\u00e8ves \u00e0 partir de 8h45)<\/li>\n<li>13h30-16h30 (accueil des \u00e9l\u00e8ves \u00e0 partir de 13h20)<\/li>\n<\/ul>\n","protected":false},"excerpt":{"rendered":"<p>L\u2019\u00e9cole accueille les enfants les lundis, mardis, jeudis et vendredis. Les horaires de l\u2019\u00e9cole sont les suivants : 8h55-12h10 (accueil des \u00e9l\u00e8ves \u00e0 partir de 8h45) 13h30-16h30 (accueil des \u00e9l\u00e8ves \u00e0 partir de 13h20)<\/p>\n<p class=\"continue-reading-button\"> <a class=\"continue-reading-link\" href=\"https:\/\/reaumur-saintemarie.fr\/index.php\/horaires\/\">Lire la suite&#8230;<i class=\"crycon-right-dir\"><\/i><\/a><\/p>\n","protected":false},"author":9,"featured_media":0,"parent":0,"menu_order":0,"comment_status":"closed","ping_status":"closed","template":"","meta":{"ngg_post_thumbnail":0,"footnotes":""},"class_list":["post-4834","page","type-page","status-publish","hentry"],"_links":{"self":[{"href":"https:\/\/reaumur-saintemarie.fr\/index.php\/wp-json\/wp\/v2\/pages\/4834","targetHints":{"allow":["GET"]}}],"collection":[{"href":"https:\/\/reaumur-saintemarie.fr\/index.php\/wp-json\/wp\/v2\/pages"}],"about":[{"href":"https:\/\/reaumur-saintemarie.fr\/index.php\/wp-json\/wp\/v2\/types\/page"}],"author":[{"embeddable":true,"href":"https:\/\/reaumur-saintemarie.fr\/index.php\/wp-json\/wp\/v2\/users\/9"}],"replies":[{"embeddable":true,"href":"https:\/\/reaumur-saintemarie.fr\/index.php\/wp-json\/wp\/v2\/comments?post=4834"}],"version-history":[{"count":1,"href":"https:\/\/reaumur-saintemarie.fr\/index.php\/wp-json\/wp\/v2\/pages\/4834\/revisions"}],"predecessor-version":[{"id":4835,"href":"https:\/\/reaumur-saintemarie.fr\/index.php\/wp-json\/wp\/v2\/pages\/4834\/revisions\/4835"}],"wp:attachment":[{"href":"https:\/\/reaumur-saintemarie.fr\/index.php\/wp-json\/wp\/v2\/media?parent=4834"}],"curies":[{"name":"wp","href":"https:\/\/api.w.org\/{rel}","templated":true}]}}